{"id":4113,"date":"2023-06-08T08:32:41","date_gmt":"2023-06-08T08:32:41","guid":{"rendered":"https:\/\/vinacap.vn\/?page_id=4113"},"modified":"2023-06-26T14:24:45","modified_gmt":"2023-06-26T07:24:45","slug":"tin-tuc","status":"publish","type":"page","link":"https:\/\/vinacap.vn\/en\/tin-tuc","title":{"rendered":"NEWS"},"content":{"rendered":"<div data-elementor-type=\"wp-page\" data-elementor-id=\"4113\" class=\"elementor elementor-4113\" data-elementor-post-type=\"page\">\n\t\t\t\t\t\t\t\t\t<section class=\"has_ma_el_bg_slider elementor-section elementor-top-section elementor-element elementor-element-d9c10b9 elementor-section-boxed elementor-section-height-default elementor-section-height-default jltma-glass-effect-no\" data-id=\"d9c10b9\" data-element_type=\"section\" data-settings=\"{&quot;background_background&quot;:&quot;classic&quot;}\">\n\t\t\t\t\t\t<div class=\"elementor-container elementor-column-gap-default\">\n\t\t\t\t\t<div class=\"has_ma_el_bg_slider elementor-column elementor-col-100 elementor-top-column elementor-element elementor-element-d0469fd jltma-glass-effect-no\" data-id=\"d0469fd\" data-element_type=\"column\" data-settings=\"{&quot;background_background&quot;:&quot;classic&quot;}\">\n\t\t\t<div class=\"elementor-widget-wrap elementor-element-populated\">\n\t\t\t\t\t\t\t\t<div class=\"elementor-element elementor-element-c554602 jltma-glass-effect-no elementor-widget elementor-widget-template\" data-id=\"c554602\" data-element_type=\"widget\" data-widget_type=\"template.default\">\n\t\t\t\t<div class=\"elementor-widget-container\">\n\t\t\t\t\t<div class=\"elementor-template\">\n\t\t\t\t\t<div data-elementor-type=\"section\" data-elementor-id=\"8689\" class=\"elementor elementor-8689\" data-elementor-post-type=\"elementor_library\">\n\t\t\t\t\t\t\t\t<section class=\"has_ma_el_bg_slider elementor-section elementor-top-section elementor-element elementor-element-6541ca9 elementor-section-boxed elementor-section-height-default elementor-section-height-default jltma-glass-effect-no\" data-id=\"6541ca9\" data-element_type=\"section\">\n\t\t\t\t\t\t<div class=\"elementor-container elementor-column-gap-default\">\n\t\t\t\t\t<div class=\"has_ma_el_bg_slider elementor-column elementor-col-100 elementor-top-column elementor-element elementor-element-7a97d9d jltma-glass-effect-no\" data-id=\"7a97d9d\" data-element_type=\"column\">\n\t\t\t<div class=\"elementor-widget-wrap elementor-element-populated\">\n\t\t\t\t\t\t\t\t<div class=\"theplus-event-tracker elementor-element elementor-element-f44a2f4 text-flex-start jltma-glass-effect-no elementor-widget elementor-widget-tp-breadcrumbs-bar\" data-theplus-event-tracker=\"{&quot;plus-track-fb-event&quot;:true,&quot;plus-fb-event&quot;:&quot;ViewContent&quot;}\" data-id=\"f44a2f4\" data-element_type=\"widget\" data-widget_type=\"tp-breadcrumbs-bar.default\">\n\t\t\t\t<div class=\"elementor-widget-container\">\n\t\t\t<div id=\"bread69f0d78d582e6\" class=\"pt_plus_breadcrumbs_bar\"  style=\"justify-content : flex-start\"><div class=\"pt_plus_breadcrumbs_bar_inner bred_style_1\"><nav id=\"breadcrumbs\"><span class=\"bc_home\"><a class=\"home_bread_tab\" href=\"https:\/\/vinacap.vn\/en\/\">Home<\/a><\/span> <span class=\"del\"><\/span> <span class=\"current\"><div class=\"current_tab_sec\">Page<\/div><\/span><\/nav><\/div><\/div>\t\t<\/div>\n\t\t\t\t<\/div>\n\t\t\t\t\t<\/div>\n\t\t<\/div>\n\t\t\t\t\t\t\t<\/div>\n\t\t<\/section>\n\t\t\t\t\t\t<\/div>\n\t\t\t\t<\/div>\n\t\t\t\t<\/div>\n\t\t\t\t<\/div>\n\t\t\t\t\t<\/div>\n\t\t<\/div>\n\t\t\t\t\t\t\t<\/div>\n\t\t<\/section>\n\t\t\t\t<section class=\"has_ma_el_bg_slider elementor-section elementor-top-section elementor-element elementor-element-aa19e4f elementor-section-boxed elementor-section-height-default elementor-section-height-default jltma-glass-effect-no\" data-id=\"aa19e4f\" data-element_type=\"section\" data-settings=\"{&quot;background_background&quot;:&quot;classic&quot;}\">\n\t\t\t\t\t\t<div class=\"elementor-container elementor-column-gap-default\">\n\t\t\t\t\t<div class=\"has_ma_el_bg_slider elementor-column elementor-col-33 elementor-top-column elementor-element elementor-element-ff13544 jltma-glass-effect-no\" data-id=\"ff13544\" data-element_type=\"column\" data-settings=\"{&quot;background_background&quot;:&quot;classic&quot;}\">\n\t\t\t<div class=\"elementor-widget-wrap elementor-element-populated\">\n\t\t\t\t\t\t\t\t<div class=\"elementor-element elementor-element-0697877 jltma-glass-effect-no elementor-widget elementor-widget-template\" data-id=\"0697877\" data-element_type=\"widget\" data-widget_type=\"template.default\">\n\t\t\t\t<div class=\"elementor-widget-container\">\n\t\t\t\t\t<div class=\"elementor-template\">\n\t\t\t\t\t<div data-elementor-type=\"loop-item\" data-elementor-id=\"8082\" class=\"elementor elementor-8082 e-loop-item e-loop-item-4113 post-4113 page type-page status-publish hentry\" data-elementor-post-type=\"elementor_library\" data-custom-edit-handle=\"1\">\n\t\t\t\t\t\t\t\t<section class=\"has_ma_el_bg_slider elementor-section elementor-top-section elementor-element elementor-element-8f4d66f elementor-section-boxed elementor-section-height-default elementor-section-height-default jltma-glass-effect-no\" data-id=\"8f4d66f\" data-element_type=\"section\" data-settings=\"{&quot;background_background&quot;:&quot;classic&quot;}\">\n\t\t\t\t\t\t<div class=\"elementor-container elementor-column-gap-default\">\n\t\t\t\t\t<div class=\"has_ma_el_bg_slider elementor-column elementor-col-100 elementor-top-column elementor-element elementor-element-49ab6c2 jltma-glass-effect-no\" data-id=\"49ab6c2\" data-element_type=\"column\" data-settings=\"{&quot;background_background&quot;:&quot;classic&quot;}\">\n\t\t\t<div class=\"elementor-widget-wrap elementor-element-populated\">\n\t\t\t\t\t\t\t\t<div class=\"elementor-element elementor-element-c8a1593 jltma-glass-effect-no elementor-widget elementor-widget-heading\" data-id=\"c8a1593\" data-element_type=\"widget\" data-widget_type=\"heading.default\">\n\t\t\t\t<div class=\"elementor-widget-container\">\n\t\t\t<style>\/*! elementor - v3.14.0 - 26-06-2023 *\/\n.elementor-heading-title{padding:0;margin:0;line-height:1}.elementor-widget-heading .elementor-heading-title[class*=elementor-size-]>a{color:inherit;font-size:inherit;line-height:inherit}.elementor-widget-heading .elementor-heading-title.elementor-size-small{font-size:15px}.elementor-widget-heading .elementor-heading-title.elementor-size-medium{font-size:19px}.elementor-widget-heading .elementor-heading-title.elementor-size-large{font-size:29px}.elementor-widget-heading .elementor-heading-title.elementor-size-xl{font-size:39px}.elementor-widget-heading .elementor-heading-title.elementor-size-xxl{font-size:59px}<\/style><h5 class=\"elementor-heading-title elementor-size-default\">NEWS &amp; EVENTS<\/h5>\t\t<\/div>\n\t\t\t\t<\/div>\n\t\t\t\t<div class=\"elementor-element elementor-element-23c3a8d elementor-nav-menu--dropdown-mobile elementor-nav-menu__text-align-aside jltma-glass-effect-no elementor-widget elementor-widget-nav-menu\" data-id=\"23c3a8d\" data-element_type=\"widget\" id=\"menu_left_news\" data-settings=\"{&quot;layout&quot;:&quot;vertical&quot;,&quot;submenu_icon&quot;:{&quot;value&quot;:&quot;&lt;i class=\\&quot;fas fa-caret-down\\&quot;&gt;&lt;\\\/i&gt;&quot;,&quot;library&quot;:&quot;fa-solid&quot;}}\" data-widget_type=\"nav-menu.default\">\n\t\t\t\t<div class=\"elementor-widget-container\">\n\t\t\t<link rel=\"stylesheet\" href=\"https:\/\/vinacap.vn\/wp-content\/plugins\/elementor-pro\/assets\/css\/widget-nav-menu.min.css\">\t\t\t<nav class=\"elementor-nav-menu--main elementor-nav-menu__container elementor-nav-menu--layout-vertical e--pointer-background e--animation-none\">\n\t\t\t\t<ul id=\"menu-1-23c3a8d\" class=\"elementor-nav-menu sm-vertical\"><li class=\"menu-item menu-item-type-taxonomy menu-item-object-category-news menu-item-7336\"><a href=\"https:\/\/vinacap.vn\/en\/archives\/category-news\/tin-tap-doan-vnpt\" class=\"elementor-item\">VNPT group news<\/a><\/li>\n<li class=\"menu-item menu-item-type-taxonomy menu-item-object-category-news menu-item-7334\"><a href=\"https:\/\/vinacap.vn\/en\/archives\/category-news\/tin-cong-ty\" class=\"elementor-item\">Company news<\/a><\/li>\n<li class=\"menu-item menu-item-type-taxonomy menu-item-object-category-news menu-item-7333\"><a href=\"https:\/\/vinacap.vn\/en\/archives\/category-news\/tin-cong-nghe\" class=\"elementor-item\">Tech news<\/a><\/li>\n<li class=\"menu-item menu-item-type-taxonomy menu-item-object-category-news menu-item-7335\"><a href=\"https:\/\/vinacap.vn\/en\/archives\/category-news\/tin-khuyen-mai\" class=\"elementor-item\">Promotional news<\/a><\/li>\n<\/ul>\t\t\t<\/nav>\n\t\t\t\t\t\t<nav class=\"elementor-nav-menu--dropdown elementor-nav-menu__container\" aria-hidden=\"true\">\n\t\t\t\t<ul id=\"menu-2-23c3a8d\" class=\"elementor-nav-menu sm-vertical\"><li class=\"menu-item menu-item-type-taxonomy menu-item-object-category-news menu-item-7336\"><a href=\"https:\/\/vinacap.vn\/en\/archives\/category-news\/tin-tap-doan-vnpt\" class=\"elementor-item\" tabindex=\"-1\">VNPT group news<\/a><\/li>\n<li class=\"menu-item menu-item-type-taxonomy menu-item-object-category-news menu-item-7334\"><a href=\"https:\/\/vinacap.vn\/en\/archives\/category-news\/tin-cong-ty\" class=\"elementor-item\" tabindex=\"-1\">Company news<\/a><\/li>\n<li class=\"menu-item menu-item-type-taxonomy menu-item-object-category-news menu-item-7333\"><a href=\"https:\/\/vinacap.vn\/en\/archives\/category-news\/tin-cong-nghe\" class=\"elementor-item\" tabindex=\"-1\">Tech news<\/a><\/li>\n<li class=\"menu-item menu-item-type-taxonomy menu-item-object-category-news menu-item-7335\"><a href=\"https:\/\/vinacap.vn\/en\/archives\/category-news\/tin-khuyen-mai\" class=\"elementor-item\" tabindex=\"-1\">Promotional news<\/a><\/li>\n<\/ul>\t\t\t<\/nav>\n\t\t\t\t<\/div>\n\t\t\t\t<\/div>\n\t\t\t\t\t<\/div>\n\t\t<\/div>\n\t\t\t\t\t\t\t<\/div>\n\t\t<\/section>\n\t\t\t\t\t\t<\/div>\n\t\t\t\t<\/div>\n\t\t\t\t<\/div>\n\t\t\t\t<\/div>\n\t\t\t\t\t<\/div>\n\t\t<\/div>\n\t\t\t\t<div class=\"has_ma_el_bg_slider elementor-column elementor-col-66 elementor-top-column elementor-element elementor-element-4b45aaf jltma-glass-effect-no\" data-id=\"4b45aaf\" data-element_type=\"column\" data-settings=\"{&quot;background_background&quot;:&quot;classic&quot;}\">\n\t\t\t<div class=\"elementor-widget-wrap elementor-element-populated\">\n\t\t\t\t\t\t\t\t<div class=\"elementor-element elementor-element-bfbb2a1 elementor-grid-1 elementor-posts--thumbnail-right elementor-grid-tablet-1 elementor-grid-mobile-1 jltma-glass-effect-no elementor-widget elementor-widget-posts\" data-id=\"bfbb2a1\" data-element_type=\"widget\" id=\"post_news\" data-settings=\"{&quot;classic_columns&quot;:&quot;1&quot;,&quot;pagination_type&quot;:&quot;numbers&quot;,&quot;classic_columns_tablet&quot;:&quot;1&quot;,&quot;classic_columns_mobile&quot;:&quot;1&quot;,&quot;classic_row_gap&quot;:{&quot;unit&quot;:&quot;px&quot;,&quot;size&quot;:35,&quot;sizes&quot;:[]},&quot;classic_row_gap_tablet&quot;:{&quot;unit&quot;:&quot;px&quot;,&quot;size&quot;:&quot;&quot;,&quot;sizes&quot;:[]},&quot;classic_row_gap_mobile&quot;:{&quot;unit&quot;:&quot;px&quot;,&quot;size&quot;:&quot;&quot;,&quot;sizes&quot;:[]}}\" data-widget_type=\"posts.classic\">\n\t\t\t\t<div class=\"elementor-widget-container\">\n\t\t\t<link rel=\"stylesheet\" href=\"https:\/\/vinacap.vn\/wp-content\/plugins\/elementor-pro\/assets\/css\/widget-posts.min.css\">\t\t<div class=\"elementor-posts-container elementor-posts elementor-posts--skin-classic elementor-grid\">\n\t\t\t\t<article class=\"elementor-post elementor-grid-item post-14663 tin-tuc type-tin-tuc status-publish has-post-thumbnail hentry category-news-tin-cong-ty\">\n\t\t\t\t<a class=\"elementor-post__thumbnail__link\" href=\"https:\/\/vinacap.vn\/en\/archives\/tin-tuc\/cbtt-bo-nhiem-mien-nhiem-chuc-danh-ke-toan-truong-cong-ty-cp-vinacap-kim-long\" >\n\t\t\t<div class=\"elementor-post__thumbnail\"><img decoding=\"async\" width=\"116\" height=\"92\" src=\"https:\/\/vinacap.vn\/wp-content\/uploads\/2023\/06\/cropped-logo.png\" class=\"attachment-medium size-medium wp-image-11141\" alt=\"\" \/><\/div>\n\t\t<\/a>\n\t\t\t\t<div class=\"elementor-post__text\">\n\t\t\t\t<h3 class=\"elementor-post__title\">\n\t\t\t<a href=\"https:\/\/vinacap.vn\/en\/archives\/tin-tuc\/cbtt-bo-nhiem-mien-nhiem-chuc-danh-ke-toan-truong-cong-ty-cp-vinacap-kim-long\" >\n\t\t\t\tCBTT &#8211; B\u1ed4 NHI\u1ec6M \/ MI\u1ec4N NHI\u1ec6M CH\u1ee8C DANH K\u1ebe TO\u00c1N TR\u01af\u1edeNG C\u00d4NG TY CP VINACAP KIM LONG\t\t\t<\/a>\n\t\t<\/h3>\n\t\t\t\t<div class=\"elementor-post__meta-data\">\n\t\t\t\t\t<span class=\"elementor-post-date\">\n\t\t\t16\/03\/2026\t\t<\/span>\n\t\t\t\t<\/div>\n\t\t\t\t<div class=\"elementor-post__excerpt\">\n\t\t\t<p>TH\u00d4NG B\u00c1O V\u1ec1 vi\u1ec7c B\u1ed5 nhi\u1ec7m, mi\u1ec5n nhi\u1ec7m ch\u1ee9c danh K\u1ebf to\u00e1n tr\u01b0\u1edfng C\u00f4ng ty c\u1ed5 ph\u1ea7n Vinacap Kim Long<\/p>\n\t\t<\/div>\n\t\t\n\t\t<a class=\"elementor-post__read-more\" href=\"https:\/\/vinacap.vn\/en\/archives\/tin-tuc\/cbtt-bo-nhiem-mien-nhiem-chuc-danh-ke-toan-truong-cong-ty-cp-vinacap-kim-long\" aria-label=\"Read more about CBTT &#8211; B\u1ed4 NHI\u1ec6M \/ MI\u1ec4N NHI\u1ec6M CH\u1ee8C DANH K\u1ebe TO\u00c1N TR\u01af\u1edeNG C\u00d4NG TY CP VINACAP KIM LONG\" >\n\t\t\tSee more \u00bb\t\t<\/a>\n\n\t\t\t\t<\/div>\n\t\t\t\t<\/article>\n\t\t\t\t<article class=\"elementor-post elementor-grid-item post-14616 tin-tuc type-tin-tuc status-publish has-post-thumbnail hentry category-news-tin-cong-ty\">\n\t\t\t\t<a class=\"elementor-post__thumbnail__link\" href=\"https:\/\/vinacap.vn\/en\/archives\/tin-tuc\/thong-bao-tin-buon-dong-chi-hoang-van-loi\" >\n\t\t\t<div class=\"elementor-post__thumbnail\"><img decoding=\"async\" width=\"171\" height=\"136\" src=\"https:\/\/vinacap.vn\/wp-content\/uploads\/2023\/06\/logo_vinacap_Footer-2.png\" class=\"attachment-medium size-medium wp-image-12893\" alt=\"\" \/><\/div>\n\t\t<\/a>\n\t\t\t\t<div class=\"elementor-post__text\">\n\t\t\t\t<h3 class=\"elementor-post__title\">\n\t\t\t<a href=\"https:\/\/vinacap.vn\/en\/archives\/tin-tuc\/thong-bao-tin-buon-dong-chi-hoang-van-loi\" >\n\t\t\t\tTH\u00d4NG B\u00c1O TIN BU\u1ed2N &#8211; \u0110\u1ed2NG CH\u00cd HO\u00c0NG V\u0102N L\u1ee2I\t\t\t<\/a>\n\t\t<\/h3>\n\t\t\t\t<div class=\"elementor-post__meta-data\">\n\t\t\t\t\t<span class=\"elementor-post-date\">\n\t\t\t20\/01\/2026\t\t<\/span>\n\t\t\t\t<\/div>\n\t\t\t\t<div class=\"elementor-post__excerpt\">\n\t\t\t<p>TIN BU\u1ed2N C\u00d4NG TY C\u1ed4 PH\u1ea6N VINACAP KIM LONG V\u00c0 GIA \u0110\u00ccNH V\u00d4 C\u00d9NG TH\u01af\u01a0NG TI\u1ebeC B\u00c1O TIN \u0110\u1ed3ng ch\u00ed:<\/p>\n\t\t<\/div>\n\t\t\n\t\t<a class=\"elementor-post__read-more\" href=\"https:\/\/vinacap.vn\/en\/archives\/tin-tuc\/thong-bao-tin-buon-dong-chi-hoang-van-loi\" aria-label=\"Read more about TH\u00d4NG B\u00c1O TIN BU\u1ed2N &#8211; \u0110\u1ed2NG CH\u00cd HO\u00c0NG V\u0102N L\u1ee2I\" >\n\t\t\tSee more \u00bb\t\t<\/a>\n\n\t\t\t\t<\/div>\n\t\t\t\t<\/article>\n\t\t\t\t<article class=\"elementor-post elementor-grid-item post-14597 tin-tuc type-tin-tuc status-publish has-post-thumbnail hentry category-news-tin-cong-ty\">\n\t\t\t\t<a class=\"elementor-post__thumbnail__link\" href=\"https:\/\/vinacap.vn\/en\/archives\/tin-tuc\/cong-bo-cong-tac-nhan-su\" >\n\t\t\t<div class=\"elementor-post__thumbnail\"><img decoding=\"async\" width=\"171\" height=\"136\" src=\"https:\/\/vinacap.vn\/wp-content\/uploads\/2023\/06\/logo_vinacap_Footer.png\" class=\"attachment-medium size-medium wp-image-5672\" alt=\"\" \/><\/div>\n\t\t<\/a>\n\t\t\t\t<div class=\"elementor-post__text\">\n\t\t\t\t<h3 class=\"elementor-post__title\">\n\t\t\t<a href=\"https:\/\/vinacap.vn\/en\/archives\/tin-tuc\/cong-bo-cong-tac-nhan-su\" >\n\t\t\t\tC\u00d4NG B\u1ed0 C\u00d4NG T\u00c1C NH\u00c2N S\u1ef0\t\t\t<\/a>\n\t\t<\/h3>\n\t\t\t\t<div class=\"elementor-post__meta-data\">\n\t\t\t\t\t<span class=\"elementor-post-date\">\n\t\t\t05\/01\/2026\t\t<\/span>\n\t\t\t\t<\/div>\n\t\t\t\t<div class=\"elementor-post__excerpt\">\n\t\t\t<p>C\u00d4NG TY C\u1ed4 PH\u1ea6N VINACAP KIM LONG &#8211; TH\u00d4NG B\u00c1O C\u00d4NG T\u00c1C NH\u00c2N S\u1ef0 1, B\u1ed5 nhi\u1ec7m \u00d4ng L\u00ea Anh<\/p>\n\t\t<\/div>\n\t\t\n\t\t<a class=\"elementor-post__read-more\" href=\"https:\/\/vinacap.vn\/en\/archives\/tin-tuc\/cong-bo-cong-tac-nhan-su\" aria-label=\"Read more about C\u00d4NG B\u1ed0 C\u00d4NG T\u00c1C NH\u00c2N S\u1ef0\" >\n\t\t\tSee more \u00bb\t\t<\/a>\n\n\t\t\t\t<\/div>\n\t\t\t\t<\/article>\n\t\t\t\t<article class=\"elementor-post elementor-grid-item post-14460 tin-tuc type-tin-tuc status-publish has-post-thumbnail hentry category-news-tin-cong-ty\">\n\t\t\t\t<a class=\"elementor-post__thumbnail__link\" href=\"https:\/\/vinacap.vn\/en\/archives\/tin-tuc\/le-cong-bo-quyet-dinh-bo-nhiem-can-bo-cap-cao-vinacap-kim-long\" >\n\t\t\t<div class=\"elementor-post__thumbnail\"><img decoding=\"async\" width=\"271\" height=\"300\" src=\"https:\/\/vinacap.vn\/wp-content\/uploads\/2025\/03\/z6377626509132_67fda05da31edd8b30c563bf8208368d-271x300.jpg\" class=\"attachment-medium size-medium wp-image-14424\" alt=\"\" srcset=\"https:\/\/vinacap.vn\/wp-content\/uploads\/2025\/03\/z6377626509132_67fda05da31edd8b30c563bf8208368d-271x300.jpg 271w, https:\/\/vinacap.vn\/wp-content\/uploads\/2025\/03\/z6377626509132_67fda05da31edd8b30c563bf8208368d-768x851.jpg 768w, https:\/\/vinacap.vn\/wp-content\/uploads\/2025\/03\/z6377626509132_67fda05da31edd8b30c563bf8208368d-11x12.jpg 11w, https:\/\/vinacap.vn\/wp-content\/uploads\/2025\/03\/z6377626509132_67fda05da31edd8b30c563bf8208368d.jpg 867w\" sizes=\"(max-width: 271px) 100vw, 271px\" \/><\/div>\n\t\t<\/a>\n\t\t\t\t<div class=\"elementor-post__text\">\n\t\t\t\t<h3 class=\"elementor-post__title\">\n\t\t\t<a href=\"https:\/\/vinacap.vn\/en\/archives\/tin-tuc\/le-cong-bo-quyet-dinh-bo-nhiem-can-bo-cap-cao-vinacap-kim-long\" >\n\t\t\t\tL\u1ec4 C\u00d4NG B\u1ed0 QUY\u1ebeT \u0110\u1ecaNH B\u1ed4 NHI\u1ec6M C\u00c1N B\u1ed8 C\u1ea4P CAO &#8211; VINACAP KIM LONG\t\t\t<\/a>\n\t\t<\/h3>\n\t\t\t\t<div class=\"elementor-post__meta-data\">\n\t\t\t\t\t<span class=\"elementor-post-date\">\n\t\t\t03\/05\/2025\t\t<\/span>\n\t\t\t\t<\/div>\n\t\t\t\t<div class=\"elementor-post__excerpt\">\n\t\t\t<p>Ng\u00e0y 05\/03\/2025 C\u00f4ng ty C\u1ed5 ph\u1ea7n Vinacap Kim Long &#8211; Long tr\u1ecdng t\u1ed5 ch\u1ee9c L\u1ec5 c\u00f4ng b\u1ed1 quy\u1ebft \u0111\u1ecbnh b\u1ed5<\/p>\n\t\t<\/div>\n\t\t\n\t\t<a class=\"elementor-post__read-more\" href=\"https:\/\/vinacap.vn\/en\/archives\/tin-tuc\/le-cong-bo-quyet-dinh-bo-nhiem-can-bo-cap-cao-vinacap-kim-long\" aria-label=\"Read more about L\u1ec4 C\u00d4NG B\u1ed0 QUY\u1ebeT \u0110\u1ecaNH B\u1ed4 NHI\u1ec6M C\u00c1N B\u1ed8 C\u1ea4P CAO &#8211; VINACAP KIM LONG\" >\n\t\t\tSee more \u00bb\t\t<\/a>\n\n\t\t\t\t<\/div>\n\t\t\t\t<\/article>\n\t\t\t\t<article class=\"elementor-post elementor-grid-item post-14228 tin-tuc type-tin-tuc status-publish has-post-thumbnail hentry category-news-tin-cong-ty\">\n\t\t\t\t<a class=\"elementor-post__thumbnail__link\" href=\"https:\/\/vinacap.vn\/en\/archives\/tin-tuc\/thong-bao-ve-viec-canh-giac-hang-gia-hang-nhai-thuong-hieu-vinacap\" >\n\t\t\t<div class=\"elementor-post__thumbnail\"><img decoding=\"async\" width=\"225\" height=\"225\" src=\"https:\/\/vinacap.vn\/wp-content\/uploads\/2023\/07\/canh-bao.png\" class=\"attachment-medium size-medium wp-image-14234\" alt=\"\" srcset=\"https:\/\/vinacap.vn\/wp-content\/uploads\/2023\/07\/canh-bao.png 225w, https:\/\/vinacap.vn\/wp-content\/uploads\/2023\/07\/canh-bao-150x150.png 150w, https:\/\/vinacap.vn\/wp-content\/uploads\/2023\/07\/canh-bao-12x12.png 12w\" sizes=\"(max-width: 225px) 100vw, 225px\" \/><\/div>\n\t\t<\/a>\n\t\t\t\t<div class=\"elementor-post__text\">\n\t\t\t\t<h3 class=\"elementor-post__title\">\n\t\t\t<a href=\"https:\/\/vinacap.vn\/en\/archives\/tin-tuc\/thong-bao-ve-viec-canh-giac-hang-gia-hang-nhai-thuong-hieu-vinacap\" >\n\t\t\t\tTH\u00d4NG B\u00c1O V\u1ec0 VI\u1ec6C C\u1ea2NH GI\u00c1C H\u00c0NG GI\u1ea2 H\u00c0NG NH\u00c1I TH\u01af\u01a0NG HI\u1ec6U VINACAP\t\t\t<\/a>\n\t\t<\/h3>\n\t\t\t\t<div class=\"elementor-post__meta-data\">\n\t\t\t\t\t<span class=\"elementor-post-date\">\n\t\t\t27\/07\/2023\t\t<\/span>\n\t\t\t\t<\/div>\n\t\t\t\t<div class=\"elementor-post__excerpt\">\n\t\t\t<p>Th\u00f4ng b\u00e1o v\u1ec1 vi\u1ec7c c\u1ea3nh gi\u00e1c h\u00e0ng gi\u1ea3 h\u00e0ng nh\u00e1i th\u01b0\u01a1ng hi\u1ec7u Vinacap: Xem chi ti\u1ebft t\u1ea1i \u0111\u00e2y<\/p>\n\t\t<\/div>\n\t\t\n\t\t<a class=\"elementor-post__read-more\" href=\"https:\/\/vinacap.vn\/en\/archives\/tin-tuc\/thong-bao-ve-viec-canh-giac-hang-gia-hang-nhai-thuong-hieu-vinacap\" aria-label=\"Read more about TH\u00d4NG B\u00c1O V\u1ec0 VI\u1ec6C C\u1ea2NH GI\u00c1C H\u00c0NG GI\u1ea2 H\u00c0NG NH\u00c1I TH\u01af\u01a0NG HI\u1ec6U VINACAP\" >\n\t\t\tSee more \u00bb\t\t<\/a>\n\n\t\t\t\t<\/div>\n\t\t\t\t<\/article>\n\t\t\t\t<article class=\"elementor-post elementor-grid-item post-6210 tin-tuc type-tin-tuc status-publish has-post-thumbnail hentry category-news-tin-cong-ty\">\n\t\t\t\t<a class=\"elementor-post__thumbnail__link\" href=\"https:\/\/vinacap.vn\/en\/archives\/tin-tuc\/quyet-dinh-bo-nhiem-chuc-vu-pho-tong-giam-doc-cong-ty\" >\n\t\t\t<div class=\"elementor-post__thumbnail\"><img decoding=\"async\" width=\"171\" height=\"136\" src=\"https:\/\/vinacap.vn\/wp-content\/uploads\/2023\/06\/logo_vinacap_Footer.png\" class=\"attachment-medium size-medium wp-image-5672\" alt=\"\" \/><\/div>\n\t\t<\/a>\n\t\t\t\t<div class=\"elementor-post__text\">\n\t\t\t\t<h3 class=\"elementor-post__title\">\n\t\t\t<a href=\"https:\/\/vinacap.vn\/en\/archives\/tin-tuc\/quyet-dinh-bo-nhiem-chuc-vu-pho-tong-giam-doc-cong-ty\" >\n\t\t\t\tDECISION ON Appointment of Deputy General Director of the Company\t\t\t<\/a>\n\t\t<\/h3>\n\t\t\t\t<div class=\"elementor-post__meta-data\">\n\t\t\t\t\t<span class=\"elementor-post-date\">\n\t\t\t08\/09\/2022\t\t<\/span>\n\t\t\t\t<\/div>\n\t\t\t\t<div class=\"elementor-post__excerpt\">\n\t\t\t<p>Quy\u1ebft \u0111\u1ecbnh b\u1ed5 nhi\u1ec7m ch\u1ee9c v\u1ee5 Ph\u00f3 T\u1ed5ng GI\u00e1m \u0110\u1ed1c c\u00f4ng ty: Xem chi ti\u1ebft\u00a0t\u1ea1i \u0111\u00e2y<\/p>\n\t\t<\/div>\n\t\t\n\t\t<a class=\"elementor-post__read-more\" href=\"https:\/\/vinacap.vn\/en\/archives\/tin-tuc\/quyet-dinh-bo-nhiem-chuc-vu-pho-tong-giam-doc-cong-ty\" aria-label=\"Read more about QUY\u1ebeT \u0110\u1ecaNH B\u1ed4 NHI\u1ec6M CH\u1ee8C V\u1ee4 PH\u00d3 T\u1ed4NG GI\u00c1M \u0110\u1ed0C C\u00d4NG TY\" >\n\t\t\tSee more \u00bb\t\t<\/a>\n\n\t\t\t\t<\/div>\n\t\t\t\t<\/article>\n\t\t\t\t<\/div>\n\t\t\n\t\t\t\t<div class=\"e-load-more-anchor\" data-page=\"1\" data-max-page=\"26\" data-next-page=\"https:\/\/vinacap.vn\/en\/wp-json\/wp\/v2\/pages\/4113\/page\/2\"><\/div>\n\t\t\t\t<nav class=\"elementor-pagination\" aria-label=\"Pagination\">\n\t\t\t<span aria-current=\"page\" class=\"page-numbers current\"><span class=\"elementor-screen-only\">Page<\/span>1<\/span>\n<a class=\"page-numbers\" href=\"https:\/\/vinacap.vn\/en\/wp-json\/wp\/v2\/pages\/4113\/page\/2\"><span class=\"elementor-screen-only\">Page<\/span>2<\/a>\n<a class=\"page-numbers\" href=\"https:\/\/vinacap.vn\/en\/wp-json\/wp\/v2\/pages\/4113\/page\/3\"><span class=\"elementor-screen-only\">Page<\/span>3<\/a>\n<span class=\"page-numbers dots\">&hellip;<\/span>\n<a class=\"page-numbers\" href=\"https:\/\/vinacap.vn\/en\/wp-json\/wp\/v2\/pages\/4113\/page\/26\"><span class=\"elementor-screen-only\">Page<\/span>26<\/a>\t\t<\/nav>\n\t\t\t\t<\/div>\n\t\t\t\t<\/div>\n\t\t\t\t\t<\/div>\n\t\t<\/div>\n\t\t\t\t\t\t\t<\/div>\n\t\t<\/section>\n\t\t\t\t\t\t\t<\/div>","protected":false},"excerpt":{"rendered":"","protected":false},"author":4,"featured_media":0,"parent":0,"menu_order":0,"comment_status":"closed","ping_status":"closed","template":"","meta":{"_mi_skip_tracking":false,"_monsterinsights_sitenote_active":false,"_monsterinsights_sitenote_note":"","_monsterinsights_sitenote_category":0,"footnotes":""},"class_list":["post-4113","page","type-page","status-publish","hentry"],"acf":[],"_links":{"self":[{"href":"https:\/\/vinacap.vn\/en\/wp-json\/wp\/v2\/pages\/4113","targetHints":{"allow":["GET"]}}],"collection":[{"href":"https:\/\/vinacap.vn\/en\/wp-json\/wp\/v2\/pages"}],"about":[{"href":"https:\/\/vinacap.vn\/en\/wp-json\/wp\/v2\/types\/page"}],"author":[{"embeddable":true,"href":"https:\/\/vinacap.vn\/en\/wp-json\/wp\/v2\/users\/4"}],"replies":[{"embeddable":true,"href":"https:\/\/vinacap.vn\/en\/wp-json\/wp\/v2\/comments?post=4113"}],"version-history":[{"count":5,"href":"https:\/\/vinacap.vn\/en\/wp-json\/wp\/v2\/pages\/4113\/revisions"}],"predecessor-version":[{"id":13616,"href":"https:\/\/vinacap.vn\/en\/wp-json\/wp\/v2\/pages\/4113\/revisions\/13616"}],"wp:attachment":[{"href":"https:\/\/vinacap.vn\/en\/wp-json\/wp\/v2\/media?parent=4113"}],"curies":[{"name":"wp","href":"https:\/\/api.w.org\/{rel}","templated":true}]}}