{"id":4129,"date":"2023-06-08T08:33:25","date_gmt":"2023-06-08T08:33:25","guid":{"rendered":"https:\/\/vinacap.vn\/?page_id=4129"},"modified":"2023-06-26T14:30:46","modified_gmt":"2023-06-26T07:30:46","slug":"dai-ly","status":"publish","type":"page","link":"https:\/\/vinacap.vn\/en\/dai-ly","title":{"rendered":"AGENCY"},"content":{"rendered":"<div data-elementor-type=\"wp-page\" data-elementor-id=\"4129\" class=\"elementor elementor-4129\" data-elementor-post-type=\"page\">\n\t\t\t\t\t\t\t\t\t<section class=\"has_ma_el_bg_slider elementor-section elementor-top-section elementor-element elementor-element-faec0ee elementor-section-boxed elementor-section-height-default elementor-section-height-default jltma-glass-effect-no\" data-id=\"faec0ee\" data-element_type=\"section\" data-settings=\"{&quot;background_background&quot;:&quot;classic&quot;}\">\n\t\t\t\t\t\t<div class=\"elementor-container elementor-column-gap-default\">\n\t\t\t\t\t<div class=\"has_ma_el_bg_slider elementor-column elementor-col-100 elementor-top-column elementor-element elementor-element-d6bdab3 jltma-glass-effect-no\" data-id=\"d6bdab3\" data-element_type=\"column\">\n\t\t\t<div class=\"elementor-widget-wrap elementor-element-populated\">\n\t\t\t\t\t\t\t\t<div class=\"elementor-element elementor-element-f37fa52 jltma-glass-effect-no elementor-widget elementor-widget-template\" data-id=\"f37fa52\" data-element_type=\"widget\" data-widget_type=\"template.default\">\n\t\t\t\t<div class=\"elementor-widget-container\">\n\t\t\t\t\t<div class=\"elementor-template\">\n\t\t\t\t\t<div data-elementor-type=\"section\" data-elementor-id=\"8689\" class=\"elementor elementor-8689\" data-elementor-post-type=\"elementor_library\">\n\t\t\t\t\t\t\t\t<section class=\"has_ma_el_bg_slider elementor-section elementor-top-section elementor-element elementor-element-6541ca9 elementor-section-boxed elementor-section-height-default elementor-section-height-default jltma-glass-effect-no\" data-id=\"6541ca9\" data-element_type=\"section\">\n\t\t\t\t\t\t<div class=\"elementor-container elementor-column-gap-default\">\n\t\t\t\t\t<div class=\"has_ma_el_bg_slider elementor-column elementor-col-100 elementor-top-column elementor-element elementor-element-7a97d9d jltma-glass-effect-no\" data-id=\"7a97d9d\" data-element_type=\"column\">\n\t\t\t<div class=\"elementor-widget-wrap elementor-element-populated\">\n\t\t\t\t\t\t\t\t<div class=\"theplus-event-tracker elementor-element elementor-element-f44a2f4 text-flex-start jltma-glass-effect-no elementor-widget elementor-widget-tp-breadcrumbs-bar\" data-theplus-event-tracker=\"{&quot;plus-track-fb-event&quot;:true,&quot;plus-fb-event&quot;:&quot;ViewContent&quot;}\" data-id=\"f44a2f4\" data-element_type=\"widget\" data-widget_type=\"tp-breadcrumbs-bar.default\">\n\t\t\t\t<div class=\"elementor-widget-container\">\n\t\t\t<div id=\"bread69f0d7bce9c5b\" class=\"pt_plus_breadcrumbs_bar\"  style=\"justify-content : flex-start\"><div class=\"pt_plus_breadcrumbs_bar_inner bred_style_1\"><nav id=\"breadcrumbs\"><span class=\"bc_home\"><a class=\"home_bread_tab\" href=\"https:\/\/vinacap.vn\/en\/\">Home<\/a><\/span> <span class=\"del\"><\/span> <span class=\"current\"><div class=\"current_tab_sec\">Page<\/div><\/span><\/nav><\/div><\/div>\t\t<\/div>\n\t\t\t\t<\/div>\n\t\t\t\t\t<\/div>\n\t\t<\/div>\n\t\t\t\t\t\t\t<\/div>\n\t\t<\/section>\n\t\t\t\t\t\t<\/div>\n\t\t\t\t<\/div>\n\t\t\t\t<\/div>\n\t\t\t\t<\/div>\n\t\t\t\t<section class=\"has_ma_el_bg_slider elementor-section elementor-inner-section elementor-element elementor-element-bd59ccb elementor-section-boxed elementor-section-height-default elementor-section-height-default jltma-glass-effect-no\" data-id=\"bd59ccb\" data-element_type=\"section\">\n\t\t\t\t\t\t<div class=\"elementor-container elementor-column-gap-default\">\n\t\t\t\t\t<div class=\"has_ma_el_bg_slider elementor-column elementor-col-50 elementor-inner-column elementor-element elementor-element-ef52f2e jltma-glass-effect-no\" data-id=\"ef52f2e\" data-element_type=\"column\">\n\t\t\t<div class=\"elementor-widget-wrap elementor-element-populated\">\n\t\t\t\t\t\t\t\t<div class=\"elementor-element elementor-element-6c40ae3 jltma-glass-effect-no elementor-widget elementor-widget-template\" data-id=\"6c40ae3\" data-element_type=\"widget\" data-widget_type=\"template.default\">\n\t\t\t\t<div class=\"elementor-widget-container\">\n\t\t\t\t\t<div class=\"elementor-template\">\n\t\t\t\t\t<div data-elementor-type=\"section\" data-elementor-id=\"11151\" class=\"elementor elementor-11151\" data-elementor-post-type=\"elementor_library\">\n\t\t\t\t\t\t\t\t<section class=\"has_ma_el_bg_slider elementor-section elementor-top-section elementor-element elementor-element-0e62071 elementor-section-boxed elementor-section-height-default elementor-section-height-default jltma-glass-effect-no\" data-id=\"0e62071\" data-element_type=\"section\" data-settings=\"{&quot;background_background&quot;:&quot;classic&quot;}\">\n\t\t\t\t\t\t<div class=\"elementor-container elementor-column-gap-default\">\n\t\t\t\t\t<div class=\"has_ma_el_bg_slider elementor-column elementor-col-100 elementor-top-column elementor-element elementor-element-a0000ce jltma-glass-effect-no\" data-id=\"a0000ce\" data-element_type=\"column\" data-settings=\"{&quot;background_background&quot;:&quot;classic&quot;}\">\n\t\t\t<div class=\"elementor-widget-wrap elementor-element-populated\">\n\t\t\t\t\t\t\t\t<div class=\"elementor-element elementor-element-a20b8c1 jltma-glass-effect-no elementor-widget elementor-widget-heading\" data-id=\"a20b8c1\" data-element_type=\"widget\" data-widget_type=\"heading.default\">\n\t\t\t\t<div class=\"elementor-widget-container\">\n\t\t\t<style>\/*! elementor - v3.14.0 - 26-06-2023 *\/\n.elementor-heading-title{padding:0;margin:0;line-height:1}.elementor-widget-heading .elementor-heading-title[class*=elementor-size-]>a{color:inherit;font-size:inherit;line-height:inherit}.elementor-widget-heading .elementor-heading-title.elementor-size-small{font-size:15px}.elementor-widget-heading .elementor-heading-title.elementor-size-medium{font-size:19px}.elementor-widget-heading .elementor-heading-title.elementor-size-large{font-size:29px}.elementor-widget-heading .elementor-heading-title.elementor-size-xl{font-size:39px}.elementor-widget-heading .elementor-heading-title.elementor-size-xxl{font-size:59px}<\/style><h5 class=\"elementor-heading-title elementor-size-default\">INTRODUCE<\/h5>\t\t<\/div>\n\t\t\t\t<\/div>\n\t\t\t\t<div class=\"elementor-element elementor-element-bb9a6d7 elementor-nav-menu--dropdown-mobile elementor-nav-menu__text-align-aside jltma-glass-effect-no elementor-widget elementor-widget-nav-menu\" data-id=\"bb9a6d7\" data-element_type=\"widget\" data-settings=\"{&quot;layout&quot;:&quot;vertical&quot;,&quot;submenu_icon&quot;:{&quot;value&quot;:&quot;&lt;i class=\\&quot;fas fa-caret-down\\&quot;&gt;&lt;\\\/i&gt;&quot;,&quot;library&quot;:&quot;fa-solid&quot;}}\" data-widget_type=\"nav-menu.default\">\n\t\t\t\t<div class=\"elementor-widget-container\">\n\t\t\t<link rel=\"stylesheet\" href=\"https:\/\/vinacap.vn\/wp-content\/plugins\/elementor-pro\/assets\/css\/widget-nav-menu.min.css\">\t\t\t<nav class=\"elementor-nav-menu--main elementor-nav-menu__container elementor-nav-menu--layout-vertical e--pointer-background e--animation-fade\">\n\t\t\t\t<ul id=\"menu-1-bb9a6d7\" class=\"elementor-nav-menu sm-vertical\"><li class=\"menu-item menu-item-type-post_type menu-item-object-page menu-item-11149\"><a href=\"https:\/\/vinacap.vn\/en\/dai-ly\/dai-ly-mien-bac\" class=\"elementor-item\">AGENT NORTH<\/a><\/li>\n<li class=\"menu-item menu-item-type-post_type menu-item-object-page menu-item-11148\"><a href=\"https:\/\/vinacap.vn\/en\/dai-ly\/dai-ly-mien-trung\" class=\"elementor-item\">CENTRAL AGENCY<\/a><\/li>\n<li class=\"menu-item menu-item-type-post_type menu-item-object-page menu-item-11147\"><a href=\"https:\/\/vinacap.vn\/en\/dai-ly\/dai-ly-mien-nam\" class=\"elementor-item\">SOUTHERN AGENTS<\/a><\/li>\n<\/ul>\t\t\t<\/nav>\n\t\t\t\t\t\t<nav class=\"elementor-nav-menu--dropdown elementor-nav-menu__container\" aria-hidden=\"true\">\n\t\t\t\t<ul id=\"menu-2-bb9a6d7\" class=\"elementor-nav-menu sm-vertical\"><li class=\"menu-item menu-item-type-post_type menu-item-object-page menu-item-11149\"><a href=\"https:\/\/vinacap.vn\/en\/dai-ly\/dai-ly-mien-bac\" class=\"elementor-item\" tabindex=\"-1\">AGENT NORTH<\/a><\/li>\n<li class=\"menu-item menu-item-type-post_type menu-item-object-page menu-item-11148\"><a href=\"https:\/\/vinacap.vn\/en\/dai-ly\/dai-ly-mien-trung\" class=\"elementor-item\" tabindex=\"-1\">CENTRAL AGENCY<\/a><\/li>\n<li class=\"menu-item menu-item-type-post_type menu-item-object-page menu-item-11147\"><a href=\"https:\/\/vinacap.vn\/en\/dai-ly\/dai-ly-mien-nam\" class=\"elementor-item\" tabindex=\"-1\">SOUTHERN AGENTS<\/a><\/li>\n<\/ul>\t\t\t<\/nav>\n\t\t\t\t<\/div>\n\t\t\t\t<\/div>\n\t\t\t\t\t<\/div>\n\t\t<\/div>\n\t\t\t\t\t\t\t<\/div>\n\t\t<\/section>\n\t\t\t\t\t\t<\/div>\n\t\t\t\t<\/div>\n\t\t\t\t<\/div>\n\t\t\t\t<\/div>\n\t\t\t\t<div class=\"elementor-element elementor-element-755c259 jltma-glass-effect-no elementor-widget elementor-widget-heading\" data-id=\"755c259\" data-element_type=\"widget\" data-widget_type=\"heading.default\">\n\t\t\t\t<div class=\"elementor-widget-container\">\n\t\t\t<h5 class=\"elementor-heading-title elementor-size-default\">NEWS<\/h5>\t\t<\/div>\n\t\t\t\t<\/div>\n\t\t\t\t<div class=\"elementor-element elementor-element-82697c1 jltma-glass-effect-no elementor-widget elementor-widget-template\" data-id=\"82697c1\" data-element_type=\"widget\" data-widget_type=\"template.default\">\n\t\t\t\t<div class=\"elementor-widget-container\">\n\t\t\t\t\t<div class=\"elementor-template\">\n\t\t\t\t\t<div data-elementor-type=\"section\" data-elementor-id=\"8102\" class=\"elementor elementor-8102\" data-elementor-post-type=\"elementor_library\">\n\t\t\t\t\t\t\t\t<section class=\"has_ma_el_bg_slider elementor-section elementor-top-section elementor-element elementor-element-5627699 elementor-section-boxed elementor-section-height-default elementor-section-height-default jltma-glass-effect-no\" data-id=\"5627699\" data-element_type=\"section\">\n\t\t\t\t\t\t<div class=\"elementor-container elementor-column-gap-default\">\n\t\t\t\t\t<div class=\"has_ma_el_bg_slider elementor-column elementor-col-100 elementor-top-column elementor-element elementor-element-c2de612 jltma-glass-effect-no\" data-id=\"c2de612\" data-element_type=\"column\">\n\t\t\t<div class=\"elementor-widget-wrap elementor-element-populated\">\n\t\t\t\t\t\t\t\t<div class=\"elementor-element elementor-element-fe735d7 elementor-grid-1 elementor-posts--thumbnail-left elementor-widget__width-initial elementor-grid-tablet-1 elementor-grid-mobile-1 jltma-glass-effect-no elementor-widget elementor-widget-posts\" data-id=\"fe735d7\" data-element_type=\"widget\" data-settings=\"{&quot;classic_columns&quot;:&quot;1&quot;,&quot;classic_row_gap&quot;:{&quot;unit&quot;:&quot;px&quot;,&quot;size&quot;:20,&quot;sizes&quot;:[]},&quot;classic_columns_tablet&quot;:&quot;1&quot;,&quot;classic_columns_mobile&quot;:&quot;1&quot;,&quot;classic_row_gap_tablet&quot;:{&quot;unit&quot;:&quot;px&quot;,&quot;size&quot;:&quot;&quot;,&quot;sizes&quot;:[]},&quot;classic_row_gap_mobile&quot;:{&quot;unit&quot;:&quot;px&quot;,&quot;size&quot;:&quot;&quot;,&quot;sizes&quot;:[]}}\" data-widget_type=\"posts.classic\">\n\t\t\t\t<div class=\"elementor-widget-container\">\n\t\t\t<link rel=\"stylesheet\" href=\"https:\/\/vinacap.vn\/wp-content\/plugins\/elementor-pro\/assets\/css\/widget-posts.min.css\">\t\t<div class=\"elementor-posts-container elementor-posts elementor-posts--skin-classic elementor-grid\">\n\t\t\t\t<article class=\"elementor-post elementor-grid-item post-14663 tin-tuc type-tin-tuc status-publish has-post-thumbnail hentry category-news-tin-cong-ty\">\n\t\t\t\t<a class=\"elementor-post__thumbnail__link\" href=\"https:\/\/vinacap.vn\/en\/archives\/tin-tuc\/cbtt-bo-nhiem-mien-nhiem-chuc-danh-ke-toan-truong-cong-ty-cp-vinacap-kim-long\" >\n\t\t\t<div class=\"elementor-post__thumbnail\"><img decoding=\"async\" width=\"116\" height=\"92\" src=\"https:\/\/vinacap.vn\/wp-content\/uploads\/2023\/06\/cropped-logo.png\" class=\"attachment-full size-full wp-image-11141\" alt=\"\" \/><\/div>\n\t\t<\/a>\n\t\t\t\t<div class=\"elementor-post__text\">\n\t\t\t\t<h3 class=\"elementor-post__title\">\n\t\t\t<a href=\"https:\/\/vinacap.vn\/en\/archives\/tin-tuc\/cbtt-bo-nhiem-mien-nhiem-chuc-danh-ke-toan-truong-cong-ty-cp-vinacap-kim-long\" >\n\t\t\t\tCBTT &#8211; B\u1ed4 NHI\u1ec6M \/ MI\u1ec4N NHI\u1ec6M CH\u1ee8C DANH K\u1ebe TO\u00c1N TR\u01af\u1edeNG C\u00d4NG TY CP VINACAP KIM LONG\t\t\t<\/a>\n\t\t<\/h3>\n\t\t\t\t<div class=\"elementor-post__excerpt\">\n\t\t\t<p>TH\u00d4NG B\u00c1O V\u1ec1 vi\u1ec7c B\u1ed5 nhi\u1ec7m, mi\u1ec5n nhi\u1ec7m ch\u1ee9c danh<\/p>\n\t\t<\/div>\n\t\t\t\t<\/div>\n\t\t\t\t<\/article>\n\t\t\t\t<article class=\"elementor-post elementor-grid-item post-14616 tin-tuc type-tin-tuc status-publish has-post-thumbnail hentry category-news-tin-cong-ty\">\n\t\t\t\t<a class=\"elementor-post__thumbnail__link\" href=\"https:\/\/vinacap.vn\/en\/archives\/tin-tuc\/thong-bao-tin-buon-dong-chi-hoang-van-loi\" >\n\t\t\t<div class=\"elementor-post__thumbnail\"><img decoding=\"async\" width=\"171\" height=\"136\" src=\"https:\/\/vinacap.vn\/wp-content\/uploads\/2023\/06\/logo_vinacap_Footer-2.png\" class=\"attachment-full size-full wp-image-12893\" alt=\"\" \/><\/div>\n\t\t<\/a>\n\t\t\t\t<div class=\"elementor-post__text\">\n\t\t\t\t<h3 class=\"elementor-post__title\">\n\t\t\t<a href=\"https:\/\/vinacap.vn\/en\/archives\/tin-tuc\/thong-bao-tin-buon-dong-chi-hoang-van-loi\" >\n\t\t\t\tTH\u00d4NG B\u00c1O TIN BU\u1ed2N &#8211; \u0110\u1ed2NG CH\u00cd HO\u00c0NG V\u0102N L\u1ee2I\t\t\t<\/a>\n\t\t<\/h3>\n\t\t\t\t<div class=\"elementor-post__excerpt\">\n\t\t\t<p>TIN BU\u1ed2N C\u00d4NG TY C\u1ed4 PH\u1ea6N VINACAP KIM LONG V\u00c0<\/p>\n\t\t<\/div>\n\t\t\t\t<\/div>\n\t\t\t\t<\/article>\n\t\t\t\t<article class=\"elementor-post elementor-grid-item post-14597 tin-tuc type-tin-tuc status-publish has-post-thumbnail hentry category-news-tin-cong-ty\">\n\t\t\t\t<a class=\"elementor-post__thumbnail__link\" href=\"https:\/\/vinacap.vn\/en\/archives\/tin-tuc\/cong-bo-cong-tac-nhan-su\" >\n\t\t\t<div class=\"elementor-post__thumbnail\"><img decoding=\"async\" width=\"171\" height=\"136\" src=\"https:\/\/vinacap.vn\/wp-content\/uploads\/2023\/06\/logo_vinacap_Footer.png\" class=\"attachment-full size-full wp-image-5672\" alt=\"\" \/><\/div>\n\t\t<\/a>\n\t\t\t\t<div class=\"elementor-post__text\">\n\t\t\t\t<h3 class=\"elementor-post__title\">\n\t\t\t<a href=\"https:\/\/vinacap.vn\/en\/archives\/tin-tuc\/cong-bo-cong-tac-nhan-su\" >\n\t\t\t\tC\u00d4NG B\u1ed0 C\u00d4NG T\u00c1C NH\u00c2N S\u1ef0\t\t\t<\/a>\n\t\t<\/h3>\n\t\t\t\t<div class=\"elementor-post__excerpt\">\n\t\t\t<p>C\u00d4NG TY C\u1ed4 PH\u1ea6N VINACAP KIM LONG &#8211; TH\u00d4NG B\u00c1O<\/p>\n\t\t<\/div>\n\t\t\t\t<\/div>\n\t\t\t\t<\/article>\n\t\t\t\t<\/div>\n\t\t\n\t\t\t\t<\/div>\n\t\t\t\t<\/div>\n\t\t\t\t\t<\/div>\n\t\t<\/div>\n\t\t\t\t\t\t\t<\/div>\n\t\t<\/section>\n\t\t\t\t\t\t<\/div>\n\t\t\t\t<\/div>\n\t\t\t\t<\/div>\n\t\t\t\t<\/div>\n\t\t\t\t\t<\/div>\n\t\t<\/div>\n\t\t\t\t<div class=\"has_ma_el_bg_slider elementor-column elementor-col-50 elementor-inner-column elementor-element elementor-element-fd7b3cd jltma-glass-effect-no\" data-id=\"fd7b3cd\" data-element_type=\"column\" data-settings=\"{&quot;background_background&quot;:&quot;classic&quot;}\">\n\t\t\t<div class=\"elementor-widget-wrap elementor-element-populated\">\n\t\t\t\t\t\t\t\t<div class=\"elementor-element elementor-element-73c4070 jltma-glass-effect-no elementor-widget elementor-widget-heading\" data-id=\"73c4070\" data-element_type=\"widget\" data-widget_type=\"heading.default\">\n\t\t\t\t<div class=\"elementor-widget-container\">\n\t\t\t<h5 class=\"elementor-heading-title elementor-size-default\">LIST OF AGENTS<\/h5>\t\t<\/div>\n\t\t\t\t<\/div>\n\t\t\t\t<div class=\"elementor-element elementor-element-1b767c9 jltma-glass-effect-no elementor-widget elementor-widget-text-editor\" data-id=\"1b767c9\" data-element_type=\"widget\" data-widget_type=\"text-editor.default\">\n\t\t\t\t<div class=\"elementor-widget-container\">\n\t\t\t<style>\/*! elementor - v3.14.0 - 26-06-2023 *\/\n.elementor-widget-text-editor.elementor-drop-cap-view-stacked .elementor-drop-cap{background-color:#69727d;color:#fff}.elementor-widget-text-editor.elementor-drop-cap-view-framed .elementor-drop-cap{color:#69727d;border:3px solid;background-color:transparent}.elementor-widget-text-editor:not(.elementor-drop-cap-view-default) .elementor-drop-cap{margin-top:8px}.elementor-widget-text-editor:not(.elementor-drop-cap-view-default) .elementor-drop-cap-letter{width:1em;height:1em}.elementor-widget-text-editor .elementor-drop-cap{float:left;text-align:center;line-height:1;font-size:50px}.elementor-widget-text-editor .elementor-drop-cap-letter{display:inline-block}<\/style>\t\t\t\t<p>The content is being updated\u2026<\/p>\t\t\t\t\t\t<\/div>\n\t\t\t\t<\/div>\n\t\t\t\t\t<\/div>\n\t\t<\/div>\n\t\t\t\t\t\t\t<\/div>\n\t\t<\/section>\n\t\t\t\t\t<\/div>\n\t\t<\/div>\n\t\t\t\t\t\t\t<\/div>\n\t\t<\/section>\n\t\t\t\t\t\t\t<\/div>","protected":false},"excerpt":{"rendered":"<p>TIN M\u1edaI DANH S\u00c1CH \u0110\u1ea0I L\u00dd N\u1ed9i dung \u0111ang \u0111\u01b0\u1ee3c c\u1eadp nh\u1eadt&#8230;<\/p>","protected":false},"author":3,"featured_media":0,"parent":0,"menu_order":0,"comment_status":"closed","ping_status":"closed","template":"","meta":{"_mi_skip_tracking":false,"_monsterinsights_sitenote_active":false,"_monsterinsights_sitenote_note":"","_monsterinsights_sitenote_category":0,"footnotes":""},"class_list":["post-4129","page","type-page","status-publish","hentry"],"acf":[],"_links":{"self":[{"href":"https:\/\/vinacap.vn\/en\/wp-json\/wp\/v2\/pages\/4129","targetHints":{"allow":["GET"]}}],"collection":[{"href":"https:\/\/vinacap.vn\/en\/wp-json\/wp\/v2\/pages"}],"about":[{"href":"https:\/\/vinacap.vn\/en\/wp-json\/wp\/v2\/types\/page"}],"author":[{"embeddable":true,"href":"https:\/\/vinacap.vn\/en\/wp-json\/wp\/v2\/users\/3"}],"replies":[{"embeddable":true,"href":"https:\/\/vinacap.vn\/en\/wp-json\/wp\/v2\/comments?post=4129"}],"version-history":[{"count":5,"href":"https:\/\/vinacap.vn\/en\/wp-json\/wp\/v2\/pages\/4129\/revisions"}],"predecessor-version":[{"id":13636,"href":"https:\/\/vinacap.vn\/en\/wp-json\/wp\/v2\/pages\/4129\/revisions\/13636"}],"wp:attachment":[{"href":"https:\/\/vinacap.vn\/en\/wp-json\/wp\/v2\/media?parent=4129"}],"curies":[{"name":"wp","href":"https:\/\/api.w.org\/{rel}","templated":true}]}}