{"id":4124,"date":"2023-06-08T08:33:09","date_gmt":"2023-06-08T08:33:09","guid":{"rendered":"https:\/\/vinacap.vn\/?page_id=4124"},"modified":"2023-06-26T14:26:39","modified_gmt":"2023-06-26T07:26:39","slug":"quan-he-co-dong","status":"publish","type":"page","link":"https:\/\/vinacap.vn\/zh\/quan-he-co-dong","title":{"rendered":"\u80a1\u4e1c\u5173\u7cfb"},"content":{"rendered":"<div data-elementor-type=\"wp-page\" data-elementor-id=\"4124\" class=\"elementor elementor-4124\" data-elementor-post-type=\"page\">\n\t\t\t\t\t\t\t\t\t<section class=\"has_ma_el_bg_slider elementor-section elementor-top-section elementor-element elementor-element-c1884a3 elementor-section-boxed elementor-section-height-default elementor-section-height-default jltma-glass-effect-no\" data-id=\"c1884a3\" data-element_type=\"section\" data-settings=\"{&quot;background_background&quot;:&quot;classic&quot;}\">\n\t\t\t\t\t\t<div class=\"elementor-container elementor-column-gap-default\">\n\t\t\t\t\t<div class=\"has_ma_el_bg_slider elementor-column elementor-col-100 elementor-top-column elementor-element elementor-element-a801b1e jltma-glass-effect-no\" data-id=\"a801b1e\" data-element_type=\"column\">\n\t\t\t<div class=\"elementor-widget-wrap elementor-element-populated\">\n\t\t\t\t\t\t\t\t<div class=\"elementor-element elementor-element-2030e8e jltma-glass-effect-no elementor-widget elementor-widget-template\" data-id=\"2030e8e\" data-element_type=\"widget\" data-widget_type=\"template.default\">\n\t\t\t\t<div class=\"elementor-widget-container\">\n\t\t\t\t\t<div class=\"elementor-template\">\n\t\t\t\t\t<div data-elementor-type=\"section\" data-elementor-id=\"8689\" class=\"elementor elementor-8689\" data-elementor-post-type=\"elementor_library\">\n\t\t\t\t\t\t\t\t<section class=\"has_ma_el_bg_slider elementor-section elementor-top-section elementor-element elementor-element-6541ca9 elementor-section-boxed elementor-section-height-default elementor-section-height-default jltma-glass-effect-no\" data-id=\"6541ca9\" data-element_type=\"section\">\n\t\t\t\t\t\t<div class=\"elementor-container elementor-column-gap-default\">\n\t\t\t\t\t<div class=\"has_ma_el_bg_slider elementor-column elementor-col-100 elementor-top-column elementor-element elementor-element-7a97d9d jltma-glass-effect-no\" data-id=\"7a97d9d\" data-element_type=\"column\">\n\t\t\t<div class=\"elementor-widget-wrap elementor-element-populated\">\n\t\t\t\t\t\t\t\t<div class=\"theplus-event-tracker elementor-element elementor-element-f44a2f4 text-flex-start jltma-glass-effect-no elementor-widget elementor-widget-tp-breadcrumbs-bar\" data-theplus-event-tracker=\"{&quot;plus-track-fb-event&quot;:true,&quot;plus-fb-event&quot;:&quot;ViewContent&quot;}\" data-id=\"f44a2f4\" data-element_type=\"widget\" data-widget_type=\"tp-breadcrumbs-bar.default\">\n\t\t\t\t<div class=\"elementor-widget-container\">\n\t\t\t<div id=\"bread69f10e45a7a6d\" class=\"pt_plus_breadcrumbs_bar\"  style=\"justify-content : flex-start\"><div class=\"pt_plus_breadcrumbs_bar_inner bred_style_1\"><nav id=\"breadcrumbs\"><span class=\"bc_home\"><a class=\"home_bread_tab\" href=\"https:\/\/vinacap.vn\/zh\/\">\u4e3b\u9875<\/a><\/span> <span class=\"del\"><\/span> <span class=\"current\"><div class=\"current_tab_sec\">\u9875\u9762<\/div><\/span><\/nav><\/div><\/div>\t\t<\/div>\n\t\t\t\t<\/div>\n\t\t\t\t\t<\/div>\n\t\t<\/div>\n\t\t\t\t\t\t\t<\/div>\n\t\t<\/section>\n\t\t\t\t\t\t<\/div>\n\t\t\t\t<\/div>\n\t\t\t\t<\/div>\n\t\t\t\t<\/div>\n\t\t\t\t\t<\/div>\n\t\t<\/div>\n\t\t\t\t\t\t\t<\/div>\n\t\t<\/section>\n\t\t\t\t<section class=\"has_ma_el_bg_slider elementor-section elementor-top-section elementor-element elementor-element-77fbd15 elementor-section-boxed elementor-section-height-default elementor-section-height-default jltma-glass-effect-no\" data-id=\"77fbd15\" data-element_type=\"section\" data-settings=\"{&quot;background_background&quot;:&quot;classic&quot;}\">\n\t\t\t\t\t\t<div class=\"elementor-container elementor-column-gap-default\">\n\t\t\t\t\t<div class=\"has_ma_el_bg_slider elementor-column elementor-col-50 elementor-top-column elementor-element elementor-element-8bf8843 jltma-glass-effect-no\" data-id=\"8bf8843\" data-element_type=\"column\">\n\t\t\t<div class=\"elementor-widget-wrap elementor-element-populated\">\n\t\t\t\t\t\t\t\t<div class=\"elementor-element elementor-element-0e20f39 jltma-glass-effect-no elementor-widget elementor-widget-template\" data-id=\"0e20f39\" data-element_type=\"widget\" data-widget_type=\"template.default\">\n\t\t\t\t<div class=\"elementor-widget-container\">\n\t\t\t\t\t<div class=\"elementor-template\">\n\t\t\t\t\t<div data-elementor-type=\"section\" data-elementor-id=\"9074\" class=\"elementor elementor-9074\" data-elementor-post-type=\"elementor_library\">\n\t\t\t\t\t\t\t\t<section class=\"has_ma_el_bg_slider elementor-section elementor-top-section elementor-element elementor-element-e892d4f elementor-section-boxed elementor-section-height-default elementor-section-height-default jltma-glass-effect-no\" data-id=\"e892d4f\" data-element_type=\"section\" data-settings=\"{&quot;background_background&quot;:&quot;classic&quot;}\">\n\t\t\t\t\t\t<div class=\"elementor-container elementor-column-gap-default\">\n\t\t\t\t\t<div class=\"has_ma_el_bg_slider elementor-column elementor-col-100 elementor-top-column elementor-element elementor-element-ae936f2 jltma-glass-effect-no\" data-id=\"ae936f2\" data-element_type=\"column\">\n\t\t\t<div class=\"elementor-widget-wrap elementor-element-populated\">\n\t\t\t\t\t\t\t\t<div class=\"elementor-element elementor-element-a39aa1c jltma-glass-effect-no elementor-widget elementor-widget-heading\" data-id=\"a39aa1c\" data-element_type=\"widget\" data-widget_type=\"heading.default\">\n\t\t\t\t<div class=\"elementor-widget-container\">\n\t\t\t<style>\/*! elementor - v3.14.0 - 26-06-2023 *\/\n.elementor-heading-title{padding:0;margin:0;line-height:1}.elementor-widget-heading .elementor-heading-title[class*=elementor-size-]>a{color:inherit;font-size:inherit;line-height:inherit}.elementor-widget-heading .elementor-heading-title.elementor-size-small{font-size:15px}.elementor-widget-heading .elementor-heading-title.elementor-size-medium{font-size:19px}.elementor-widget-heading .elementor-heading-title.elementor-size-large{font-size:29px}.elementor-widget-heading .elementor-heading-title.elementor-size-xl{font-size:39px}.elementor-widget-heading .elementor-heading-title.elementor-size-xxl{font-size:59px}<\/style><h5 class=\"elementor-heading-title elementor-size-default\">\u80a1\u4e1c\u5173\u7cfb<\/h5>\t\t<\/div>\n\t\t\t\t<\/div>\n\t\t\t\t<div class=\"elementor-element elementor-element-f5193df elementor-nav-menu--dropdown-mobile elementor-nav-menu__text-align-aside jltma-glass-effect-no elementor-widget elementor-widget-nav-menu\" data-id=\"f5193df\" data-element_type=\"widget\" data-settings=\"{&quot;layout&quot;:&quot;vertical&quot;,&quot;submenu_icon&quot;:{&quot;value&quot;:&quot;&lt;i class=\\&quot;fas fa-caret-down\\&quot;&gt;&lt;\\\/i&gt;&quot;,&quot;library&quot;:&quot;fa-solid&quot;}}\" data-widget_type=\"nav-menu.default\">\n\t\t\t\t<div class=\"elementor-widget-container\">\n\t\t\t<link rel=\"stylesheet\" href=\"https:\/\/vinacap.vn\/wp-content\/plugins\/elementor-pro\/assets\/css\/widget-nav-menu.min.css\">\t\t\t<nav class=\"elementor-nav-menu--main elementor-nav-menu__container elementor-nav-menu--layout-vertical e--pointer-background e--animation-none\">\n\t\t\t\t<ul id=\"menu-1-f5193df\" class=\"elementor-nav-menu sm-vertical\"><li class=\"menu-item menu-item-type-taxonomy menu-item-object-about-us menu-item-9510\"><a href=\"https:\/\/vinacap.vn\/zh\/archives\/about-us\/gioi-thieu-chung\" class=\"elementor-item\">\u603b\u4f53\u4ecb\u7ecd<\/a><\/li>\n<li class=\"menu-item menu-item-type-taxonomy menu-item-object-about-us menu-item-9511\"><a href=\"https:\/\/vinacap.vn\/zh\/archives\/about-us\/lich-su-hinh-thanh\" class=\"elementor-item\">\u5386\u53f2\u5f00\u59cb<\/a><\/li>\n<li class=\"menu-item menu-item-type-taxonomy menu-item-object-about-us menu-item-9512\"><a href=\"https:\/\/vinacap.vn\/zh\/archives\/about-us\/thanh-tich-dat-duoc\" class=\"elementor-item\">\u6210\u5c31<\/a><\/li>\n<li class=\"menu-item menu-item-type-taxonomy menu-item-object-about-us menu-item-9513\"><a href=\"https:\/\/vinacap.vn\/zh\/archives\/about-us\/tam-nhin-su-menh\" class=\"elementor-item\">\u613f\u666f - \u4f7f\u547d<\/a><\/li>\n<li class=\"menu-item menu-item-type-taxonomy menu-item-object-about-us menu-item-9514\"><a href=\"https:\/\/vinacap.vn\/zh\/archives\/about-us\/chinh-sach-va-chat-luong\" class=\"elementor-item\">\u653f\u7b56 &amp; \u8d28\u91cf<\/a><\/li>\n<li class=\"menu-item menu-item-type-taxonomy menu-item-object-about-us menu-item-9515\"><a href=\"https:\/\/vinacap.vn\/zh\/archives\/about-us\/hdqt-qua-cac-thoi-ky\" class=\"elementor-item\">\u5386\u4ee3\u8463\u4e8b\u4f1a<\/a><\/li>\n<\/ul>\t\t\t<\/nav>\n\t\t\t\t\t\t<nav class=\"elementor-nav-menu--dropdown elementor-nav-menu__container\" aria-hidden=\"true\">\n\t\t\t\t<ul id=\"menu-2-f5193df\" class=\"elementor-nav-menu sm-vertical\"><li class=\"menu-item menu-item-type-taxonomy menu-item-object-about-us menu-item-9510\"><a href=\"https:\/\/vinacap.vn\/zh\/archives\/about-us\/gioi-thieu-chung\" class=\"elementor-item\" tabindex=\"-1\">\u603b\u4f53\u4ecb\u7ecd<\/a><\/li>\n<li class=\"menu-item menu-item-type-taxonomy menu-item-object-about-us menu-item-9511\"><a href=\"https:\/\/vinacap.vn\/zh\/archives\/about-us\/lich-su-hinh-thanh\" class=\"elementor-item\" tabindex=\"-1\">\u5386\u53f2\u5f00\u59cb<\/a><\/li>\n<li class=\"menu-item menu-item-type-taxonomy menu-item-object-about-us menu-item-9512\"><a href=\"https:\/\/vinacap.vn\/zh\/archives\/about-us\/thanh-tich-dat-duoc\" class=\"elementor-item\" tabindex=\"-1\">\u6210\u5c31<\/a><\/li>\n<li class=\"menu-item menu-item-type-taxonomy menu-item-object-about-us menu-item-9513\"><a href=\"https:\/\/vinacap.vn\/zh\/archives\/about-us\/tam-nhin-su-menh\" class=\"elementor-item\" tabindex=\"-1\">\u613f\u666f - \u4f7f\u547d<\/a><\/li>\n<li class=\"menu-item menu-item-type-taxonomy menu-item-object-about-us menu-item-9514\"><a href=\"https:\/\/vinacap.vn\/zh\/archives\/about-us\/chinh-sach-va-chat-luong\" class=\"elementor-item\" tabindex=\"-1\">\u653f\u7b56 &amp; \u8d28\u91cf<\/a><\/li>\n<li class=\"menu-item menu-item-type-taxonomy menu-item-object-about-us menu-item-9515\"><a href=\"https:\/\/vinacap.vn\/zh\/archives\/about-us\/hdqt-qua-cac-thoi-ky\" class=\"elementor-item\" tabindex=\"-1\">\u5386\u4ee3\u8463\u4e8b\u4f1a<\/a><\/li>\n<\/ul>\t\t\t<\/nav>\n\t\t\t\t<\/div>\n\t\t\t\t<\/div>\n\t\t\t\t\t<\/div>\n\t\t<\/div>\n\t\t\t\t\t\t\t<\/div>\n\t\t<\/section>\n\t\t\t\t\t\t<\/div>\n\t\t\t\t<\/div>\n\t\t\t\t<\/div>\n\t\t\t\t<\/div>\n\t\t\t\t\t<\/div>\n\t\t<\/div>\n\t\t\t\t<div class=\"has_ma_el_bg_slider elementor-column elementor-col-50 elementor-top-column elementor-element elementor-element-120ce23 jltma-glass-effect-no\" data-id=\"120ce23\" data-element_type=\"column\" data-settings=\"{&quot;background_background&quot;:&quot;classic&quot;}\">\n\t\t\t<div class=\"elementor-widget-wrap elementor-element-populated\">\n\t\t\t\t\t\t\t\t<div class=\"elementor-element elementor-element-5513c25 elementor-grid-1 elementor-posts--thumbnail-right elementor-grid-tablet-1 elementor-grid-mobile-1 jltma-glass-effect-no elementor-widget elementor-widget-posts\" data-id=\"5513c25\" data-element_type=\"widget\" data-settings=\"{&quot;classic_columns&quot;:&quot;1&quot;,&quot;pagination_type&quot;:&quot;numbers&quot;,&quot;classic_columns_tablet&quot;:&quot;1&quot;,&quot;classic_columns_mobile&quot;:&quot;1&quot;,&quot;classic_row_gap&quot;:{&quot;unit&quot;:&quot;px&quot;,&quot;size&quot;:35,&quot;sizes&quot;:[]},&quot;classic_row_gap_tablet&quot;:{&quot;unit&quot;:&quot;px&quot;,&quot;size&quot;:&quot;&quot;,&quot;sizes&quot;:[]},&quot;classic_row_gap_mobile&quot;:{&quot;unit&quot;:&quot;px&quot;,&quot;size&quot;:&quot;&quot;,&quot;sizes&quot;:[]}}\" data-widget_type=\"posts.classic\">\n\t\t\t\t<div class=\"elementor-widget-container\">\n\t\t\t<link rel=\"stylesheet\" href=\"https:\/\/vinacap.vn\/wp-content\/plugins\/elementor-pro\/assets\/css\/widget-posts.min.css\">\t\t<div class=\"elementor-posts-container elementor-posts elementor-posts--skin-classic elementor-grid\">\n\t\t\t\t<article class=\"elementor-post elementor-grid-item post-14650 quan-he-co-dong type-quan-he-co-dong status-publish has-post-thumbnail hentry shareholder-relation-tai-lieu-doanh-nghiep\">\n\t\t\t\t<a class=\"elementor-post__thumbnail__link\" href=\"https:\/\/vinacap.vn\/zh\/archives\/quan-he-co-dong\/cbtt-bo-nhiem-mien-nhiem-chuc-danh-ke-toan-truong-cong-ty-cp-vinacap-kim-long\" >\n\t\t\t<div class=\"elementor-post__thumbnail\"><img decoding=\"async\" width=\"116\" height=\"92\" src=\"https:\/\/vinacap.vn\/wp-content\/uploads\/2023\/06\/cropped-logo.png\" class=\"attachment-medium size-medium wp-image-11141\" alt=\"\" \/><\/div>\n\t\t<\/a>\n\t\t\t\t<div class=\"elementor-post__text\">\n\t\t\t\t<h3 class=\"elementor-post__title\">\n\t\t\t<a href=\"https:\/\/vinacap.vn\/zh\/archives\/quan-he-co-dong\/cbtt-bo-nhiem-mien-nhiem-chuc-danh-ke-toan-truong-cong-ty-cp-vinacap-kim-long\" >\n\t\t\t\tCBTT &#8211; B\u1ed4 NHI\u1ec6M \/ MI\u1ec4N NHI\u1ec6M CH\u1ee8C DANH K\u1ebe TO\u00c1N TR\u01af\u1edeNG C\u00d4NG TY CP VINACAP KIM LONG\t\t\t<\/a>\n\t\t<\/h3>\n\t\t\t\t<div class=\"elementor-post__meta-data\">\n\t\t\t\t\t<span class=\"elementor-post-date\">\n\t\t\t16\/03\/2026\t\t<\/span>\n\t\t\t\t<\/div>\n\t\t\t\t<div class=\"elementor-post__excerpt\">\n\t\t\t<p>TH\u00d4NG B\u00c1O V\u1ec1 vi\u1ec7c B\u1ed5 nhi\u1ec7m, mi\u1ec5n nhi\u1ec7m ch\u1ee9c danh K\u1ebf to\u00e1n tr\u01b0\u1edfng C\u00f4ng ty c\u1ed5 ph\u1ea7n Vinacap Kim Long C\u0103n c\u1ee9 theo Ngh\u1ecb Quy\u1ebft<\/p>\n\t\t<\/div>\n\t\t\n\t\t<a class=\"elementor-post__read-more\" href=\"https:\/\/vinacap.vn\/zh\/archives\/quan-he-co-dong\/cbtt-bo-nhiem-mien-nhiem-chuc-danh-ke-toan-truong-cong-ty-cp-vinacap-kim-long\" aria-label=\"Read more about CBTT &#8211; B\u1ed4 NHI\u1ec6M \/ MI\u1ec4N NHI\u1ec6M CH\u1ee8C DANH K\u1ebe TO\u00c1N TR\u01af\u1edeNG C\u00d4NG TY CP VINACAP KIM LONG\" >\n\t\t\t\u67e5\u770b\u66f4\u591a \u00bb\t\t<\/a>\n\n\t\t\t\t<\/div>\n\t\t\t\t<\/article>\n\t\t\t\t<article class=\"elementor-post elementor-grid-item post-14635 quan-he-co-dong type-quan-he-co-dong status-publish has-post-thumbnail hentry shareholder-relation-tai-lieu-doanh-nghiep\">\n\t\t\t\t<a class=\"elementor-post__thumbnail__link\" href=\"https:\/\/vinacap.vn\/zh\/archives\/quan-he-co-dong\/dai-hoi-dong-co-dong-thuong-nien-nam-2026\" >\n\t\t\t<div class=\"elementor-post__thumbnail\"><img decoding=\"async\" width=\"300\" height=\"225\" src=\"https:\/\/vinacap.vn\/wp-content\/uploads\/2026\/03\/DHDCD-2026-300x225.jpg\" class=\"attachment-medium size-medium wp-image-14640\" alt=\"\" srcset=\"https:\/\/vinacap.vn\/wp-content\/uploads\/2026\/03\/DHDCD-2026-300x225.jpg 300w, https:\/\/vinacap.vn\/wp-content\/uploads\/2026\/03\/DHDCD-2026-16x12.jpg 16w, https:\/\/vinacap.vn\/wp-content\/uploads\/2026\/03\/DHDCD-2026.jpg 590w\" sizes=\"(max-width: 300px) 100vw, 300px\" \/><\/div>\n\t\t<\/a>\n\t\t\t\t<div class=\"elementor-post__text\">\n\t\t\t\t<h3 class=\"elementor-post__title\">\n\t\t\t<a href=\"https:\/\/vinacap.vn\/zh\/archives\/quan-he-co-dong\/dai-hoi-dong-co-dong-thuong-nien-nam-2026\" >\n\t\t\t\t\u0110\u1ea0I H\u1ed8I \u0110\u1ed2NG C\u1ed4 \u0110\u00d4NG TH\u01af\u1edcNG NI\u00caN N\u0102M 2026\t\t\t<\/a>\n\t\t<\/h3>\n\t\t\t\t<div class=\"elementor-post__meta-data\">\n\t\t\t\t\t<span class=\"elementor-post-date\">\n\t\t\t10\/03\/2026\t\t<\/span>\n\t\t\t\t<\/div>\n\t\t\t\t<div class=\"elementor-post__excerpt\">\n\t\t\t<p>\u0110\u1ea0I H\u1ed8I \u0110\u1ed2NG C\u1ed4 \u0110\u00d4NG TH\u01af\u1edcNG NI\u00caN N\u0102M 2026 &#8211; C\u00d4NG TY C\u1ed4 PH\u1ea6N VINACAP KIM LONG DI\u1ec4N RA TH\u00c0NH C\u00d4NG T\u1ed0T \u0110\u1eb8P!!! Ng\u00e0y 10\/03\/2026,<\/p>\n\t\t<\/div>\n\t\t\n\t\t<a class=\"elementor-post__read-more\" href=\"https:\/\/vinacap.vn\/zh\/archives\/quan-he-co-dong\/dai-hoi-dong-co-dong-thuong-nien-nam-2026\" aria-label=\"Read more about \u0110\u1ea0I H\u1ed8I \u0110\u1ed2NG C\u1ed4 \u0110\u00d4NG TH\u01af\u1edcNG NI\u00caN N\u0102M 2026\" >\n\t\t\t\u67e5\u770b\u66f4\u591a \u00bb\t\t<\/a>\n\n\t\t\t\t<\/div>\n\t\t\t\t<\/article>\n\t\t\t\t<article class=\"elementor-post elementor-grid-item post-14630 quan-he-co-dong type-quan-he-co-dong status-publish has-post-thumbnail hentry shareholder-relation-tai-lieu-doanh-nghiep\">\n\t\t\t\t<a class=\"elementor-post__thumbnail__link\" href=\"https:\/\/vinacap.vn\/zh\/archives\/quan-he-co-dong\/tai-lieu-dai-hoi-dong-co-dong-thuong-nien-nam-2026\" >\n\t\t\t<div class=\"elementor-post__thumbnail\"><img decoding=\"async\" width=\"171\" height=\"136\" src=\"https:\/\/vinacap.vn\/wp-content\/uploads\/2023\/06\/logo_vinacap_Footer-2.png\" class=\"attachment-medium size-medium wp-image-12893\" alt=\"\" \/><\/div>\n\t\t<\/a>\n\t\t\t\t<div class=\"elementor-post__text\">\n\t\t\t\t<h3 class=\"elementor-post__title\">\n\t\t\t<a href=\"https:\/\/vinacap.vn\/zh\/archives\/quan-he-co-dong\/tai-lieu-dai-hoi-dong-co-dong-thuong-nien-nam-2026\" >\n\t\t\t\tT\u00c0I LI\u1ec6U &#8211; \u0110\u1ea0I H\u1ed8I \u0110\u1ed2NG C\u1ed4 \u0110\u00d4NG TH\u01af\u1edcNG NI\u00caN N\u0102M 2026\t\t\t<\/a>\n\t\t<\/h3>\n\t\t\t\t<div class=\"elementor-post__meta-data\">\n\t\t\t\t\t<span class=\"elementor-post-date\">\n\t\t\t04\/03\/2026\t\t<\/span>\n\t\t\t\t<\/div>\n\t\t\t\t<div class=\"elementor-post__excerpt\">\n\t\t\t<p>K\u00cdNH G\u1eecI: QU\u00dd C\u1ed4 \u0110\u00d4NG C\u00d4NG TY C\u1ed4 PH\u1ea6N VINACAP KIM LONG H\u1ed9i \u0111\u1ed3ng Qu\u1ea3n tr\u1ecb C\u00f4ng ty C\u1ed5 ph\u1ea7n Vinacap Kim Long tr\u00e2n tr\u1ecdng<\/p>\n\t\t<\/div>\n\t\t\n\t\t<a class=\"elementor-post__read-more\" href=\"https:\/\/vinacap.vn\/zh\/archives\/quan-he-co-dong\/tai-lieu-dai-hoi-dong-co-dong-thuong-nien-nam-2026\" aria-label=\"Read more about T\u00c0I LI\u1ec6U &#8211; \u0110\u1ea0I H\u1ed8I \u0110\u1ed2NG C\u1ed4 \u0110\u00d4NG TH\u01af\u1edcNG NI\u00caN N\u0102M 2026\" >\n\t\t\t\u67e5\u770b\u66f4\u591a \u00bb\t\t<\/a>\n\n\t\t\t\t<\/div>\n\t\t\t\t<\/article>\n\t\t\t\t<article class=\"elementor-post elementor-grid-item post-14620 quan-he-co-dong type-quan-he-co-dong status-publish has-post-thumbnail hentry shareholder-relation-tai-lieu-doanh-nghiep\">\n\t\t\t\t<a class=\"elementor-post__thumbnail__link\" href=\"https:\/\/vinacap.vn\/zh\/archives\/quan-he-co-dong\/thong-bao-ve-ngay-dang-ky-cuoi-cung-de-thuc-hien-quyen-tham-du-dai-hoi-dong-co-dong-thuong-nien-nam-2026\" >\n\t\t\t<div class=\"elementor-post__thumbnail\"><img decoding=\"async\" width=\"300\" height=\"300\" src=\"https:\/\/vinacap.vn\/wp-content\/uploads\/2018\/10\/logo-300x300.png\" class=\"attachment-medium size-medium wp-image-11858\" alt=\"\" srcset=\"https:\/\/vinacap.vn\/wp-content\/uploads\/2018\/10\/logo-300x300.png 300w, https:\/\/vinacap.vn\/wp-content\/uploads\/2018\/10\/logo-150x150.png 150w, https:\/\/vinacap.vn\/wp-content\/uploads\/2018\/10\/logo.png 600w\" sizes=\"(max-width: 300px) 100vw, 300px\" \/><\/div>\n\t\t<\/a>\n\t\t\t\t<div class=\"elementor-post__text\">\n\t\t\t\t<h3 class=\"elementor-post__title\">\n\t\t\t<a href=\"https:\/\/vinacap.vn\/zh\/archives\/quan-he-co-dong\/thong-bao-ve-ngay-dang-ky-cuoi-cung-de-thuc-hien-quyen-tham-du-dai-hoi-dong-co-dong-thuong-nien-nam-2026\" >\n\t\t\t\tTH\u00d4NG B\u00c1O &#8211; V\u1ec0 NG\u00c0Y \u0110\u0102NG K\u00dd CU\u1ed0I C\u00d9NG \u0110\u1ec2 TH\u1ef0C HI\u1ec6N QUY\u1ec0N THAM D\u1ef0 \u0110\u1ea0I H\u1ed8I \u0110\u1ed2NG C\u1ed4 \u0110\u00d4NG TH\u01af\u1edcNG NI\u00caN N\u0102M 2026\t\t\t<\/a>\n\t\t<\/h3>\n\t\t\t\t<div class=\"elementor-post__meta-data\">\n\t\t\t\t\t<span class=\"elementor-post-date\">\n\t\t\t04\/02\/2026\t\t<\/span>\n\t\t\t\t<\/div>\n\t\t\t\t<div class=\"elementor-post__excerpt\">\n\t\t\t<p>T\u00ean t\u1ed5 ch\u1ee9c \u0111\u0103ng k\u00fd ch\u1ee9ng kho\u00e1n\u00a0 \u00a0: C\u00f4ng ty C\u1ed5 ph\u1ea7n Vinacap Kim Long T\u00ean giao d\u1ecbch\u00a0\u00a0\u00a0\u00a0\u00a0\u00a0\u00a0\u00a0\u00a0\u00a0\u00a0\u00a0\u00a0\u00a0\u00a0 : C\u00f4ng ty C\u1ed5 ph\u1ea7n Vinacap Kim<\/p>\n\t\t<\/div>\n\t\t\n\t\t<a class=\"elementor-post__read-more\" href=\"https:\/\/vinacap.vn\/zh\/archives\/quan-he-co-dong\/thong-bao-ve-ngay-dang-ky-cuoi-cung-de-thuc-hien-quyen-tham-du-dai-hoi-dong-co-dong-thuong-nien-nam-2026\" aria-label=\"Read more about TH\u00d4NG B\u00c1O &#8211; V\u1ec0 NG\u00c0Y \u0110\u0102NG K\u00dd CU\u1ed0I C\u00d9NG \u0110\u1ec2 TH\u1ef0C HI\u1ec6N QUY\u1ec0N THAM D\u1ef0 \u0110\u1ea0I H\u1ed8I \u0110\u1ed2NG C\u1ed4 \u0110\u00d4NG TH\u01af\u1edcNG NI\u00caN N\u0102M 2026\" >\n\t\t\t\u67e5\u770b\u66f4\u591a \u00bb\t\t<\/a>\n\n\t\t\t\t<\/div>\n\t\t\t\t<\/article>\n\t\t\t\t<article class=\"elementor-post elementor-grid-item post-14574 quan-he-co-dong type-quan-he-co-dong status-publish hentry\">\n\t\t\t\t<div class=\"elementor-post__text\">\n\t\t\t\t<h3 class=\"elementor-post__title\">\n\t\t\t<a href=\"https:\/\/vinacap.vn\/zh\/archives\/quan-he-co-dong\/chao-ban-co-phieu-vte\" >\n\t\t\t\tCH\u00c0O B\u00c1N C\u1ed4 PHI\u1ebeU VTE\t\t\t<\/a>\n\t\t<\/h3>\n\t\t\t\t<div class=\"elementor-post__meta-data\">\n\t\t\t\t\t<span class=\"elementor-post-date\">\n\t\t\t17\/11\/2025\t\t<\/span>\n\t\t\t\t<\/div>\n\t\t\t\t<div class=\"elementor-post__excerpt\">\n\t\t\t<p>\u00a0 \u00a0 \u00a0 \u00a0 TH\u00d4NG B\u00c1O CH\u00c0O B\u00c1N C\u1ea0NH TRANH C\u1ed4 PH\u1ea6N C\u1ee6A T\u1eacP \u0110O\u00c0N B\u01afU CH\u00cdNH VI\u1ec4N TH\u00d4NG VI\u1ec6T NAM T\u1ea0I C\u00d4NG TY C\u1ed4<\/p>\n\t\t<\/div>\n\t\t\n\t\t<a class=\"elementor-post__read-more\" href=\"https:\/\/vinacap.vn\/zh\/archives\/quan-he-co-dong\/chao-ban-co-phieu-vte\" aria-label=\"Read more about CH\u00c0O B\u00c1N C\u1ed4 PHI\u1ebeU VTE\" >\n\t\t\t\u67e5\u770b\u66f4\u591a \u00bb\t\t<\/a>\n\n\t\t\t\t<\/div>\n\t\t\t\t<\/article>\n\t\t\t\t<article class=\"elementor-post elementor-grid-item post-14575 quan-he-co-dong type-quan-he-co-dong status-publish has-post-thumbnail hentry shareholder-relation-tai-lieu-doanh-nghiep\">\n\t\t\t\t<a class=\"elementor-post__thumbnail__link\" href=\"https:\/\/vinacap.vn\/zh\/archives\/quan-he-co-dong\/chuyen-nhuong-von-cua-tap-doan-vnpt-tai-vinacap\" >\n\t\t\t<div class=\"elementor-post__thumbnail\"><img decoding=\"async\" width=\"261\" height=\"300\" src=\"https:\/\/vinacap.vn\/wp-content\/uploads\/2023\/06\/Logo-VNPT-261x300.jpg\" class=\"attachment-medium size-medium wp-image-5323\" alt=\"\" srcset=\"https:\/\/vinacap.vn\/wp-content\/uploads\/2023\/06\/Logo-VNPT-261x300.jpg 261w, https:\/\/vinacap.vn\/wp-content\/uploads\/2023\/06\/Logo-VNPT-768x882.jpg 768w, https:\/\/vinacap.vn\/wp-content\/uploads\/2023\/06\/Logo-VNPT.jpg 888w\" sizes=\"(max-width: 261px) 100vw, 261px\" \/><\/div>\n\t\t<\/a>\n\t\t\t\t<div class=\"elementor-post__text\">\n\t\t\t\t<h3 class=\"elementor-post__title\">\n\t\t\t<a href=\"https:\/\/vinacap.vn\/zh\/archives\/quan-he-co-dong\/chuyen-nhuong-von-cua-tap-doan-vnpt-tai-vinacap\" >\n\t\t\t\tCHUY\u1ec2N NH\u01af\u1ee2NG V\u1ed0N C\u1ee6A T\u1eacP \u0110O\u00c0N VNPT T\u1ea0I VINACAP\t\t\t<\/a>\n\t\t<\/h3>\n\t\t\t\t<div class=\"elementor-post__meta-data\">\n\t\t\t\t\t<span class=\"elementor-post-date\">\n\t\t\t12\/11\/2025\t\t<\/span>\n\t\t\t\t<\/div>\n\t\t\t\t<div class=\"elementor-post__excerpt\">\n\t\t\t<p>\u00a0 \u00a0 \u00a0 \u00a0 TH\u00d4NG B\u00c1O CH\u00c0O B\u00c1N C\u1ea0NH TRANH C\u1ed4 PH\u1ea6N C\u1ee6A T\u1eacP \u0110O\u00c0N B\u01afU CH\u00cdNH VI\u1ec4N TH\u00d4NG VI\u1ec6T NAM T\u1ea0I C\u00d4NG TY C\u1ed4<\/p>\n\t\t<\/div>\n\t\t\n\t\t<a class=\"elementor-post__read-more\" href=\"https:\/\/vinacap.vn\/zh\/archives\/quan-he-co-dong\/chuyen-nhuong-von-cua-tap-doan-vnpt-tai-vinacap\" aria-label=\"Read more about CHUY\u1ec2N NH\u01af\u1ee2NG V\u1ed0N C\u1ee6A T\u1eacP \u0110O\u00c0N VNPT T\u1ea0I VINACAP\" >\n\t\t\t\u67e5\u770b\u66f4\u591a \u00bb\t\t<\/a>\n\n\t\t\t\t<\/div>\n\t\t\t\t<\/article>\n\t\t\t\t<\/div>\n\t\t\n\t\t\t\t<div class=\"e-load-more-anchor\" data-page=\"1\" data-max-page=\"18\" data-next-page=\"https:\/\/vinacap.vn\/zh\/wp-json\/wp\/v2\/pages\/4124\/page\/2\"><\/div>\n\t\t\t\t<nav class=\"elementor-pagination\" aria-label=\"Pagination\">\n\t\t\t<span aria-current=\"page\" class=\"page-numbers current\"><span class=\"elementor-screen-only\">Page<\/span>1<\/span>\n<a class=\"page-numbers\" href=\"https:\/\/vinacap.vn\/zh\/wp-json\/wp\/v2\/pages\/4124\/page\/2\"><span class=\"elementor-screen-only\">Page<\/span>2<\/a>\n<a class=\"page-numbers\" href=\"https:\/\/vinacap.vn\/zh\/wp-json\/wp\/v2\/pages\/4124\/page\/3\"><span class=\"elementor-screen-only\">Page<\/span>3<\/a>\n<span class=\"page-numbers dots\">&hellip;<\/span>\n<a class=\"page-numbers\" href=\"https:\/\/vinacap.vn\/zh\/wp-json\/wp\/v2\/pages\/4124\/page\/18\"><span class=\"elementor-screen-only\">Page<\/span>18<\/a>\t\t<\/nav>\n\t\t\t\t<\/div>\n\t\t\t\t<\/div>\n\t\t\t\t\t<\/div>\n\t\t<\/div>\n\t\t\t\t\t\t\t<\/div>\n\t\t<\/section>\n\t\t\t\t\t\t\t<\/div>","protected":false},"excerpt":{"rendered":"","protected":false},"author":3,"featured_media":0,"parent":0,"menu_order":0,"comment_status":"closed","ping_status":"closed","template":"","meta":{"_mi_skip_tracking":false,"_monsterinsights_sitenote_active":false,"_monsterinsights_sitenote_note":"","_monsterinsights_sitenote_category":0,"footnotes":""},"class_list":["post-4124","page","type-page","status-publish","hentry"],"acf":[],"_links":{"self":[{"href":"https:\/\/vinacap.vn\/zh\/wp-json\/wp\/v2\/pages\/4124","targetHints":{"allow":["GET"]}}],"collection":[{"href":"https:\/\/vinacap.vn\/zh\/wp-json\/wp\/v2\/pages"}],"about":[{"href":"https:\/\/vinacap.vn\/zh\/wp-json\/wp\/v2\/types\/page"}],"author":[{"embeddable":true,"href":"https:\/\/vinacap.vn\/zh\/wp-json\/wp\/v2\/users\/3"}],"replies":[{"embeddable":true,"href":"https:\/\/vinacap.vn\/zh\/wp-json\/wp\/v2\/comments?post=4124"}],"version-history":[{"count":5,"href":"https:\/\/vinacap.vn\/zh\/wp-json\/wp\/v2\/pages\/4124\/revisions"}],"predecessor-version":[{"id":13623,"href":"https:\/\/vinacap.vn\/zh\/wp-json\/wp\/v2\/pages\/4124\/revisions\/13623"}],"wp:attachment":[{"href":"https:\/\/vinacap.vn\/zh\/wp-json\/wp\/v2\/media?parent=4124"}],"curies":[{"name":"wp","href":"https:\/\/api.w.org\/{rel}","templated":true}]}}